{"id":2622,"date":"2025-04-17T16:15:16","date_gmt":"2025-04-17T16:15:16","guid":{"rendered":"https:\/\/www.hajnova.cz\/?page_id=2622"},"modified":"2025-04-23T19:42:56","modified_gmt":"2025-04-23T19:42:56","slug":"homepage","status":"publish","type":"page","link":"https:\/\/www.hajnova.cz\/en\/","title":{"rendered":"\u00davod"},"content":{"rendered":"","protected":false},"excerpt":{"rendered":"","protected":false},"author":2,"featured_media":0,"parent":0,"menu_order":0,"comment_status":"closed","ping_status":"closed","template":"","meta":{"footnotes":""},"class_list":["post-2622","page","type-page","status-publish","hentry"],"translation":{"provider":"WPGlobus","version":"3.0.2","language":"en","enabled_languages":["cs","en"],"languages":{"cs":{"title":true,"content":false,"excerpt":false},"en":{"title":false,"content":false,"excerpt":false}}},"yoast_head":"<!-- This site is optimized with the Yoast SEO plugin v27.4 - https:\/\/yoast.com\/product\/yoast-seo-wordpress\/ -->\n<title>Produktov\u00e1 fotografka | Michaela Hajnov\u00e1<\/title>\n<meta name=\"robots\" content=\"index, follow, max-snippet:-1, max-image-preview:large, max-video-preview:-1\" \/>\n<link rel=\"canonical\" href=\"https:\/\/www.hajnova.cz\/\" \/>\n<meta property=\"og:locale\" content=\"en_US\" \/>\n<meta property=\"og:type\" content=\"article\" \/>\n<meta property=\"og:title\" content=\"\u00davod - Produktov\u00e1 fotografka | Michaela Hajnov\u00e1\" \/>\n<meta property=\"og:url\" content=\"https:\/\/www.hajnova.cz\/\" \/>\n<meta property=\"og:site_name\" content=\"Produktov\u00e1 fotografka | Michaela Hajnov\u00e1\" \/>\n<meta property=\"article:publisher\" content=\"https:\/\/www.facebook.com\/MichaelaHajnovaPhotography\" \/>\n<meta property=\"article:modified_time\" content=\"2025-04-23T19:42:56+00:00\" \/>\n<meta name=\"twitter:card\" content=\"summary_large_image\" \/>\n<meta name=\"twitter:label1\" content=\"Est. reading time\" \/>\n\t<meta name=\"twitter:data1\" content=\"3 minutes\" \/>\n<script type=\"application\/ld+json\" class=\"yoast-schema-graph\">{\"@context\":\"https:\\\/\\\/schema.org\",\"@graph\":[{\"@type\":\"WebPage\",\"@id\":\"https:\\\/\\\/www.hajnova.cz\\\/\",\"url\":\"https:\\\/\\\/www.hajnova.cz\\\/\",\"name\":\"Produktov\u00e1 fotografka | Michaela Hajnov\u00e1\",\"isPartOf\":{\"@id\":\"https:\\\/\\\/www.hajnova.cz\\\/#website\"},\"datePublished\":\"2025-04-17T16:15:16+00:00\",\"dateModified\":\"2025-04-23T19:42:56+00:00\",\"description\":\"Jsem produktov\u00e1 fotografka z Pardubic, d\u00edky kter\u00e9 nejen nastartujete sv\u016fj business, ale tak\u00e9 zv\u00fd\u0161\u00edte prodeje, upevn\u00edte sv\u00e9 m\u00edsto u konkurence\",\"breadcrumb\":{\"@id\":\"https:\\\/\\\/www.hajnova.cz\\\/#breadcrumb\"},\"inLanguage\":\"en-US\",\"potentialAction\":[{\"@type\":\"ReadAction\",\"target\":[\"https:\\\/\\\/www.hajnova.cz\\\/\"]}]},{\"@type\":\"BreadcrumbList\",\"@id\":\"https:\\\/\\\/www.hajnova.cz\\\/#breadcrumb\",\"itemListElement\":[{\"@type\":\"ListItem\",\"position\":1,\"name\":\"Home\",\"item\":\"https:\\\/\\\/www.hajnova.cz\\\/\"},{\"@type\":\"ListItem\",\"position\":2,\"name\":\"\u00davod\"}]},{\"@type\":\"WebSite\",\"@id\":\"https:\\\/\\\/www.hajnova.cz\\\/#website\",\"url\":\"https:\\\/\\\/www.hajnova.cz\\\/\",\"name\":\"www.hajnova.cz\",\"description\":\"Hled\u00e1te n\u011bkoho na skv\u011bl\u00e9 produktov\u00e9 fotografie pro V\u00e1\u0161 e-shop? L\u00edbiv\u00e9 fotky na soci\u00e1ln\u00ed s\u00edt\u011b pro Va\u0161\u00ed zna\u010dku nebo produkt?  | hajnova.cz\",\"publisher\":{\"@id\":\"https:\\\/\\\/www.hajnova.cz\\\/#\\\/schema\\\/person\\\/90c33f9f3321bd6d6d02444e47fd1924\"},\"potentialAction\":[{\"@type\":\"SearchAction\",\"target\":{\"@type\":\"EntryPoint\",\"urlTemplate\":\"https:\\\/\\\/www.hajnova.cz\\\/?s={search_term_string}\"},\"query-input\":{\"@type\":\"PropertyValueSpecification\",\"valueRequired\":true,\"valueName\":\"search_term_string\"}}],\"inLanguage\":\"en-US\"},{\"@type\":[\"Person\",\"Organization\"],\"@id\":\"https:\\\/\\\/www.hajnova.cz\\\/#\\\/schema\\\/person\\\/90c33f9f3321bd6d6d02444e47fd1924\",\"name\":\"maukk\",\"image\":{\"@type\":\"ImageObject\",\"inLanguage\":\"en-US\",\"@id\":\"https:\\\/\\\/secure.gravatar.com\\\/avatar\\\/fdd0fb4abd4f40c3cac821986cf2f39eda0389cf9521a3901dbd2582f0a426a0?s=96&d=mm&r=g\",\"url\":\"https:\\\/\\\/secure.gravatar.com\\\/avatar\\\/fdd0fb4abd4f40c3cac821986cf2f39eda0389cf9521a3901dbd2582f0a426a0?s=96&d=mm&r=g\",\"contentUrl\":\"https:\\\/\\\/secure.gravatar.com\\\/avatar\\\/fdd0fb4abd4f40c3cac821986cf2f39eda0389cf9521a3901dbd2582f0a426a0?s=96&d=mm&r=g\",\"caption\":\"maukk\"},\"logo\":{\"@id\":\"https:\\\/\\\/secure.gravatar.com\\\/avatar\\\/fdd0fb4abd4f40c3cac821986cf2f39eda0389cf9521a3901dbd2582f0a426a0?s=96&d=mm&r=g\"},\"sameAs\":[\"http:\\\/\\\/www.hajnova.cz\",\"https:\\\/\\\/www.facebook.com\\\/MichaelaHajnovaPhotography\",\"https:\\\/\\\/www.instagram.com\\\/michaelahajn\\\/\",\"https:\\\/\\\/www.linkedin.com\\\/in\\\/michaela-hajnov\u00e1-09845519b\\\/\"]}]}<\/script>\n<!-- \/ Yoast SEO plugin. -->","yoast_head_json":{"title":"Produktov\u00e1 fotografka | Michaela Hajnov\u00e1","robots":{"index":"index","follow":"follow","max-snippet":"max-snippet:-1","max-image-preview":"max-image-preview:large","max-video-preview":"max-video-preview:-1"},"canonical":"https:\/\/www.hajnova.cz\/","og_locale":"en_US","og_type":"article","og_title":"\u00davod - Produktov\u00e1 fotografka | Michaela Hajnov\u00e1","og_url":"https:\/\/www.hajnova.cz\/","og_site_name":"Produktov\u00e1 fotografka | Michaela Hajnov\u00e1","article_publisher":"https:\/\/www.facebook.com\/MichaelaHajnovaPhotography","article_modified_time":"2025-04-23T19:42:56+00:00","twitter_card":"summary_large_image","twitter_misc":{"Est. reading time":"3 minutes"},"schema":{"@context":"https:\/\/schema.org","@graph":[{"@type":"WebPage","@id":"https:\/\/www.hajnova.cz\/","url":"https:\/\/www.hajnova.cz\/","name":"Produktov\u00e1 fotografka | Michaela Hajnov\u00e1","isPartOf":{"@id":"https:\/\/www.hajnova.cz\/#website"},"datePublished":"2025-04-17T16:15:16+00:00","dateModified":"2025-04-23T19:42:56+00:00","description":"Jsem produktov\u00e1 fotografka z Pardubic, d\u00edky kter\u00e9 nejen nastartujete sv\u016fj business, ale tak\u00e9 zv\u00fd\u0161\u00edte prodeje, upevn\u00edte sv\u00e9 m\u00edsto u konkurence","breadcrumb":{"@id":"https:\/\/www.hajnova.cz\/#breadcrumb"},"inLanguage":"en-US","potentialAction":[{"@type":"ReadAction","target":["https:\/\/www.hajnova.cz\/"]}]},{"@type":"BreadcrumbList","@id":"https:\/\/www.hajnova.cz\/#breadcrumb","itemListElement":[{"@type":"ListItem","position":1,"name":"Home","item":"https:\/\/www.hajnova.cz\/"},{"@type":"ListItem","position":2,"name":"\u00davod"}]},{"@type":"WebSite","@id":"https:\/\/www.hajnova.cz\/#website","url":"https:\/\/www.hajnova.cz\/","name":"www.hajnova.cz","description":"Hled\u00e1te n\u011bkoho na skv\u011bl\u00e9 produktov\u00e9 fotografie pro V\u00e1\u0161 e-shop? L\u00edbiv\u00e9 fotky na soci\u00e1ln\u00ed s\u00edt\u011b pro Va\u0161\u00ed zna\u010dku nebo produkt?  | hajnova.cz","publisher":{"@id":"https:\/\/www.hajnova.cz\/#\/schema\/person\/90c33f9f3321bd6d6d02444e47fd1924"},"potentialAction":[{"@type":"SearchAction","target":{"@type":"EntryPoint","urlTemplate":"https:\/\/www.hajnova.cz\/?s={search_term_string}"},"query-input":{"@type":"PropertyValueSpecification","valueRequired":true,"valueName":"search_term_string"}}],"inLanguage":"en-US"},{"@type":["Person","Organization"],"@id":"https:\/\/www.hajnova.cz\/#\/schema\/person\/90c33f9f3321bd6d6d02444e47fd1924","name":"maukk","image":{"@type":"ImageObject","inLanguage":"en-US","@id":"https:\/\/secure.gravatar.com\/avatar\/fdd0fb4abd4f40c3cac821986cf2f39eda0389cf9521a3901dbd2582f0a426a0?s=96&d=mm&r=g","url":"https:\/\/secure.gravatar.com\/avatar\/fdd0fb4abd4f40c3cac821986cf2f39eda0389cf9521a3901dbd2582f0a426a0?s=96&d=mm&r=g","contentUrl":"https:\/\/secure.gravatar.com\/avatar\/fdd0fb4abd4f40c3cac821986cf2f39eda0389cf9521a3901dbd2582f0a426a0?s=96&d=mm&r=g","caption":"maukk"},"logo":{"@id":"https:\/\/secure.gravatar.com\/avatar\/fdd0fb4abd4f40c3cac821986cf2f39eda0389cf9521a3901dbd2582f0a426a0?s=96&d=mm&r=g"},"sameAs":["http:\/\/www.hajnova.cz","https:\/\/www.facebook.com\/MichaelaHajnovaPhotography","https:\/\/www.instagram.com\/michaelahajn\/","https:\/\/www.linkedin.com\/in\/michaela-hajnov\u00e1-09845519b\/"]}]}},"jetpack_sharing_enabled":true,"_links":{"self":[{"href":"https:\/\/www.hajnova.cz\/en\/wp-json\/wp\/v2\/pages\/2622","targetHints":{"allow":["GET"]}}],"collection":[{"href":"https:\/\/www.hajnova.cz\/en\/wp-json\/wp\/v2\/pages"}],"about":[{"href":"https:\/\/www.hajnova.cz\/en\/wp-json\/wp\/v2\/types\/page"}],"author":[{"embeddable":true,"href":"https:\/\/www.hajnova.cz\/en\/wp-json\/wp\/v2\/users\/2"}],"replies":[{"embeddable":true,"href":"https:\/\/www.hajnova.cz\/en\/wp-json\/wp\/v2\/comments?post=2622"}],"version-history":[{"count":4,"href":"https:\/\/www.hajnova.cz\/en\/wp-json\/wp\/v2\/pages\/2622\/revisions"}],"predecessor-version":[{"id":2648,"href":"https:\/\/www.hajnova.cz\/en\/wp-json\/wp\/v2\/pages\/2622\/revisions\/2648"}],"wp:attachment":[{"href":"https:\/\/www.hajnova.cz\/en\/wp-json\/wp\/v2\/media?parent=2622"}],"curies":[{"name":"wp","href":"https:\/\/api.w.org\/{rel}","templated":true}]}}